{"id":117,"date":"2025-01-20T16:14:32","date_gmt":"2025-01-20T16:14:32","guid":{"rendered":"https:\/\/nathan.natpat.cc\/?page_id=117"},"modified":"2025-02-18T14:57:17","modified_gmt":"2025-02-18T14:57:17","slug":"commissions","status":"publish","type":"page","link":"https:\/\/nathan.natpat.cc\/vi\/commissions\/","title":{"rendered":"H\u1ed3 S\u01a1 N\u0103ng L\u1ef1c"},"content":{"rendered":"<div class=\"wp-block-group\"><div class=\"wp-block-group__inner-container is-layout-constrained wp-block-group-is-layout-constrained\">\n<figure class=\"wp-block-table is-style-regular has-x-large-font-size\"><table class=\"has-white-color has-vivid-green-cyan-background-color has-text-color has-background has-link-color has-fixed-layout\"><tbody><tr><td class=\"has-text-align-center\" data-align=\"center\"><strong>OPEN<\/strong><\/td><\/tr><\/tbody><\/table><figcaption class=\"wp-element-caption\">Commissions are open. Scroll down to see more.<\/figcaption><\/figure>\n<\/div><\/div>\n\n\n\n<h2 class=\"wp-block-heading\">B\u1ea1n c\u1ea7n c\u00e1i g\u00ec l\u00e0m xong?<\/h2>\n\n\n\n<details class=\"wp-block-details is-layout-flow wp-block-details-is-layout-flow\"><summary>Video Editing<\/summary>\n<p><\/p>\n<\/details>\n\n\n\n<details class=\"wp-block-details is-layout-flow wp-block-details-is-layout-flow\"><summary>Scripting<\/summary>\n<p><\/p>\n<\/details>\n\n\n\n<details class=\"wp-block-details is-layout-flow wp-block-details-is-layout-flow\"><summary>Music Composition<\/summary>\n<p><\/p>\n<\/details>\n\n\n\n<p>Before commissioning me, please check the agreements. Heavy emphasis on that.<\/p>\n\n\n\n<hr class=\"wp-block-separator has-alpha-channel-opacity\"\/>\n\n\n\n<h2 class=\"wp-block-heading\">C\u00e1ch Tr\u1ea3<\/h2>\n\n\n\n<p class=\"has-text-align-left translation-block\">B\u1ea1n n\u00ean tr\u1ea3 b\u1eb1ng Cashapp. M\u00ecnh s\u1ebd ch\u1ea5p nh\u1eadn Paypal v\u00e0 Robux, nh\u1eebng m\u00e0 b\u1ea1n kh\u00f4ng n\u00ean tr\u1ea3 b\u1eb1ng Robux l\u00e0 v\u00ec n\u00f3 m\u1eafc ti\u1ec1n l\u00fac m\u00e0 t\u00ednh ra b\u1eb1ng Devex. <em>1 Robux = USD$0.0035 \/ 87,71\u20ab, 5000 Robux = USD$17.5 \/ 438.550\u20ab<\/em>.<\/p>\n\n\n\n<div class=\"wp-block-columns is-not-stacked-on-mobile is-layout-flex wp-container-core-columns-is-layout-9d6595d7 wp-block-columns-is-layout-flex\">\n<div class=\"wp-block-column is-vertically-aligned-center is-layout-flow wp-block-column-is-layout-flow\" style=\"flex-basis:50%\">\n<div class=\"wp-block-columns is-layout-flex wp-container-core-columns-is-layout-9d6595d7 wp-block-columns-is-layout-flex\">\n<div class=\"wp-block-column is-layout-flow wp-block-column-is-layout-flow\"><div class=\"wp-block-image\">\n<figure class=\"aligncenter size-medium is-resized\"><img loading=\"lazy\" decoding=\"async\" width=\"300\" height=\"300\" src=\"https:\/\/nathan.natpat.cc\/wp-content\/uploads\/2025\/01\/image-300x300.png\" alt=\"Cash App - Wikipedia\" class=\"wp-image-128\" style=\"width:125px\" srcset=\"https:\/\/nathan.natpat.cc\/wp-content\/uploads\/2025\/01\/image-300x300.png 300w, https:\/\/nathan.natpat.cc\/wp-content\/uploads\/2025\/01\/image-1024x1024.png 1024w, https:\/\/nathan.natpat.cc\/wp-content\/uploads\/2025\/01\/image-150x150.png 150w, https:\/\/nathan.natpat.cc\/wp-content\/uploads\/2025\/01\/image-768x768.png 768w, https:\/\/nathan.natpat.cc\/wp-content\/uploads\/2025\/01\/image-12x12.png 12w, https:\/\/nathan.natpat.cc\/wp-content\/uploads\/2025\/01\/image.png 1200w\" sizes=\"auto, (max-width: 300px) 100vw, 300px\" \/><\/figure><\/div><\/div>\n\n\n\n<div class=\"wp-block-column is-layout-flow wp-block-column-is-layout-flow\"><div class=\"wp-block-image\">\n<figure class=\"aligncenter size-medium is-resized\"><img loading=\"lazy\" decoding=\"async\" width=\"300\" height=\"300\" src=\"https:\/\/nathan.natpat.cc\/wp-content\/uploads\/2025\/01\/3538-paypal1-300x300.png\" alt=\"\" class=\"wp-image-137\" style=\"width:125px\" srcset=\"https:\/\/nathan.natpat.cc\/wp-content\/uploads\/2025\/01\/3538-paypal1-300x300.png 300w, https:\/\/nathan.natpat.cc\/wp-content\/uploads\/2025\/01\/3538-paypal1-150x150.png 150w, https:\/\/nathan.natpat.cc\/wp-content\/uploads\/2025\/01\/3538-paypal1-12x12.png 12w, https:\/\/nathan.natpat.cc\/wp-content\/uploads\/2025\/01\/3538-paypal1.png 500w\" sizes=\"auto, (max-width: 300px) 100vw, 300px\" \/><\/figure><\/div><\/div>\n<\/div>\n<\/div>\n\n\n\n<div class=\"wp-block-column is-layout-flow wp-block-column-is-layout-flow\" style=\"flex-basis:50%\">\n<div class=\"wp-block-columns is-layout-flex wp-container-core-columns-is-layout-9d6595d7 wp-block-columns-is-layout-flex\">\n<div class=\"wp-block-column is-layout-flow wp-block-column-is-layout-flow\"><div class=\"wp-block-image\">\n<figure class=\"aligncenter size-medium is-resized\"><img loading=\"lazy\" decoding=\"async\" width=\"277\" height=\"300\" src=\"https:\/\/nathan.natpat.cc\/wp-content\/uploads\/2025\/01\/image-2-277x300.png\" alt=\"File:Robux 2019 Logo gold.svg - Wikimedia Commons\" class=\"wp-image-134\" style=\"aspect-ratio:1;object-fit:contain;width:125px\" srcset=\"https:\/\/nathan.natpat.cc\/wp-content\/uploads\/2025\/01\/image-2-277x300.png 277w, https:\/\/nathan.natpat.cc\/wp-content\/uploads\/2025\/01\/image-2-946x1024.png 946w, https:\/\/nathan.natpat.cc\/wp-content\/uploads\/2025\/01\/image-2-768x832.png 768w, https:\/\/nathan.natpat.cc\/wp-content\/uploads\/2025\/01\/image-2-11x12.png 11w, https:\/\/nathan.natpat.cc\/wp-content\/uploads\/2025\/01\/image-2.png 1024w\" sizes=\"auto, (max-width: 277px) 100vw, 277px\" \/><\/figure><\/div><\/div>\n\n\n\n<div class=\"wp-block-column is-layout-flow wp-block-column-is-layout-flow\"><\/div>\n<\/div>\n<\/div>\n<\/div>\n\n\n\n<hr class=\"wp-block-separator has-alpha-channel-opacity\"\/>\n\n\n\n<h2 class=\"wp-block-heading\">Li\u00ean H\u1ec7 V\u1edbi M\u00ecnh<\/h2>\n\n\n\n<p>Li\u00ean h\u1ec7 v\u1edbi m\u00ecnh b\u1eb1ng <a href=\"https:\/\/devforum.roblox.com\/u\/nvthane\/summary\"><strong>Devforum<\/strong><\/a> ho\u1eb7c l\u00e0 tr\u00ean Discord (@nvthane). B\u1ea1n n\u00ean li\u00ean h\u1ec7 b\u1eb1ng Devforum.<\/p>\n\n\n\n<hr class=\"wp-block-separator has-alpha-channel-opacity\"\/>\n\n\n\n<h2 class=\"wp-block-heading\">\u0110i\u1ec1u Kho\u1ea3n<\/h2>\n\n\n\n<p>L\u00fd do cho \u0111i\u1ec1u kho\u1ea3n l\u00e0 v\u00ec<\/p>\n\n\n\n<ul class=\"wp-block-list\">\n<li>Cho b\u1ea1n hi\u1ec3u r\u00f5<\/li>\n\n\n\n<li>Bi\u1ec7n ph\u00e1p ph\u00f2ng ng\u1eeba an to\u00e0n<\/li>\n\n\n\n<li>B\u1ea3o v\u1ec7 vi\u1ec7c v\u00e0 c\u00e1ch chuy\u1ec3n cho hai b\u00ean<\/li>\n\n\n\n<li>S\u1ef1 \u0111\u1ec1n b\u00f9 c\u00f4ng b\u1eb1ng<\/li>\n\n\n\n<li>Cho b\u1ea1n suy ngh\u0129 k\u1ef9<\/li>\n<\/ul>\n\n\n\n<h3 class=\"wp-block-heading\">Statements<\/h3>\n\n\n\n<ol class=\"wp-block-list\">\n<li>Hi\u1ec3u r\u00f5 m\u00f4i tr\u01b0\u1eddng v\u00e0 \u0111\u1ea1o \u0111\u1ee9c ngh\u1ec1 nghi\u1ec7p c\u1ee7a m\u00ecnh. <\/li>\n\n\n\n<li>M\u00ecnh kh\u00f4ng ch\u1ecbu tr\u00e1ch nhi\u1ec7m cho vi\u1ec7c \u201ctime-wasting\u201d.<\/li>\n\n\n\n<li>B\u1ea1n s\u1ebd tr\u1ea3 n\u1ebfu nh\u01b0 m\u00ecnh l\u00e0m vi\u1ec7c xong th\u00f4i.<\/li>\n\n\n\n<li>Gi\u00e1 c\u1ea3 s\u1ebd \u0111\u01b0\u1ee3c \u0111\u1ecbnh gi\u00e1 d\u1ef1a tr\u00ean ch\u1ea5t l\u01b0\u1ee3ng v\u00e0 ti\u00eau chu\u1ea9n.<\/li>\n\n\n\n<li>Th\u1eddi h\u1ea1n c\u00f3 th\u1ec3 \u0111\u01b0\u1ee3c gia h\u1ea1n.<\/li>\n<\/ol>\n\n\n\n<details class=\"wp-block-details is-layout-flow wp-block-details-is-layout-flow\"><summary>Environment and Work Ethics<\/summary>\n<p>Even though I will create with passion, I will also need to focus on myself as I also have education to deal with and some breaks. This is important as I may notify you of my departure if I feel continually mistreated.<\/p>\n\n\n\n<p><strong>Environment.<\/strong>&nbsp;I will treat you and my colleagues formally, but I will also want to be express myself and I want to chill out sometimes. I will accept critiques in that are said in a passive manner and I would love to follow criteria to complete the tasks you will give me. If the workplace somewhat has authoritative leadership, I will be overwhelmed to a slight hint of serious aggression as I am sensitive. Direct language may vary on the context and task, but my goal will still be to convey, be honest, and be transparent with enough details.<\/p>\n\n\n\n<p><strong>Motivation and Values.<\/strong>&nbsp;My motivation is more spontaneous, finding use in it, and enjoying the process than looking at the finish line. I enjoy finishing the work, but I don\u2019t enjoy deadline. I treat deadlines as recommended finish date. I would finish the task earlier or request for a later extension like it\u2019s normal, but the work will still be done with quality and the game would still have the same progress. I believe that there are people who slowly only finished half of it but gave in more quality and effort than one who finished it quicker.<\/p>\n<\/details>\n\n\n\n<details class=\"wp-block-details is-layout-flow wp-block-details-is-layout-flow\"><summary>Why do you not hold responsibility for &#8220;time-wasting?&#8221;<\/summary>\n<p>Despite being able to provide most work at a given time, I will not be hold responsible for time-wasting. If I let you know I have way too much on my plate, and everything is going unexpected, I will drop the task and not be hold accountable. When doing so, I will be notifying you. I want you to understand that I am a student and not your overworked labor. While time-wasting is considered a &#8220;scam&#8221; for some people, the only scam is if you&#8217;ve paid compensations but never receive the work. Sure, time can be used to negotiate prices and priorities, but if time is a compensation, then any work could&#8217;ve been done free.<\/p>\n<\/details>\n\n\n\n<details class=\"wp-block-details is-layout-flow wp-block-details-is-layout-flow\"><summary>Payments Due<\/summary>\n<p>Payments are only due when work is finished, because there&#8217;s some chance I might drop the task, and I do not want to unethically take the payment without work being done in the first place. After the preview of the work, you must pay in order to receive it. Payments must be done within two days of being informed.<\/p>\n<\/details>\n\n\n\n<details class=\"wp-block-details is-layout-flow wp-block-details-is-layout-flow\"><summary>Pricing<\/summary>\n<p>I&#8217;ve done too much under 300 Robux commissions for video editing, and I learned that my work doesn&#8217;t even match the price I gave there. In reality, it would be around USD$18 excluding the time taken with small foundational details to achieve the quality work. You can contact me for price negotiations, but I won&#8217;t be pricing it based on specific catering to individuals, but rather assume that everyone is at the same level.<\/p>\n<\/details>\n\n\n\n<details class=\"wp-block-details is-layout-flow wp-block-details-is-layout-flow\"><summary>Deadline Extensions<\/summary>\n<p>Deadlines may be extended due to school and burn-out, but I will notify you. Deadline here is seen more as flexible and a recommended time to submit rather than deadline itself. If you don&#8217;t like deadlines, you are more than welcome to take an undercooked meal that doesn&#8217;t have the spices yet.<\/p>\n<\/details>\n\n\n\n<hr class=\"wp-block-separator has-alpha-channel-opacity\"\/>\n\n\n\n<p class=\"has-text-align-center has-cyan-bluish-gray-color has-text-color has-link-color wp-elements-263ef953746ebb5961a9c97b63d40d22\"><strong>Based in the United States of America.<\/strong><\/p>\n\n\n\n<figure class=\"wp-block-pullquote\"><blockquote><p>O say, can you see, by the dawn&#8217;s early light,<br>What so proudly we hailed at the twilight&#8217;s last gleaming,<br>Whose broad stripes and bright stars, through the perilous fight,<br>O&#8217;er the ramparts we watched, were so gallantly streaming?<br>And the rockets&#8217; red glare, the bombs bursting in air,<br>Gave proof through the night that our flag was still there.<br>O say, does that star spangled banner yet wave<br>O&#8217;er the land of the free and the home of the brave?<\/p><\/blockquote><\/figure>","protected":false},"excerpt":{"rendered":"<p>OPEN Commissions are open. Scroll down to see more. What Service Are You Looking For? Before commissioning me, please check the agreements. Heavy emphasis on that. Payments Cashapp is recommended. Paypal and Robux are accepted. Paying with Robux is not recommended as it will be based on Devex pricing which is costly. 1 Robux =<\/p>\n<div class=\"more-link\">\n\t\t\t\t <a href=\"https:\/\/nathan.natpat.cc\/vi\/commissions\/\" class=\"link-btn theme-btn\"><span>Read More <\/span> <i class=\"fa fa-caret-right\"><\/i><\/a>\n\t\t\t<\/div>","protected":false},"author":1,"featured_media":0,"parent":0,"menu_order":6,"comment_status":"closed","ping_status":"closed","template":"","meta":{"footnotes":""},"class_list":["post-117","page","type-page","status-publish","hentry"],"_links":{"self":[{"href":"https:\/\/nathan.natpat.cc\/vi\/wp-json\/wp\/v2\/pages\/117","targetHints":{"allow":["GET"]}}],"collection":[{"href":"https:\/\/nathan.natpat.cc\/vi\/wp-json\/wp\/v2\/pages"}],"about":[{"href":"https:\/\/nathan.natpat.cc\/vi\/wp-json\/wp\/v2\/types\/page"}],"author":[{"embeddable":true,"href":"https:\/\/nathan.natpat.cc\/vi\/wp-json\/wp\/v2\/users\/1"}],"replies":[{"embeddable":true,"href":"https:\/\/nathan.natpat.cc\/vi\/wp-json\/wp\/v2\/comments?post=117"}],"version-history":[{"count":1,"href":"https:\/\/nathan.natpat.cc\/vi\/wp-json\/wp\/v2\/pages\/117\/revisions"}],"predecessor-version":[{"id":172,"href":"https:\/\/nathan.natpat.cc\/vi\/wp-json\/wp\/v2\/pages\/117\/revisions\/172"}],"wp:attachment":[{"href":"https:\/\/nathan.natpat.cc\/vi\/wp-json\/wp\/v2\/media?parent=117"}],"curies":[{"name":"wp","href":"https:\/\/api.w.org\/{rel}","templated":true}]}}