{"id":31,"date":"2024-11-19T20:18:47","date_gmt":"2024-11-19T20:18:47","guid":{"rendered":"https:\/\/nathan.natpat.cc\/?page_id=31"},"modified":"2025-07-07T02:47:14","modified_gmt":"2025-07-07T02:47:14","slug":"home","status":"publish","type":"page","link":"https:\/\/nathan.natpat.cc\/vi\/","title":{"rendered":"Trang Ch\u1ee7"},"content":{"rendered":"<h2 class=\"wp-block-heading\">V\u1ec1 M\u00ecnh<\/h2>\n\n\n\n<p>A l\u00f4. \u1ede \u0111\u00e2y n\u00f3 c\u00f3 \u00eam kh\u00f4ng?<\/p>\n\n\n<div class=\"wp-block-image\">\n<figure class=\"alignright size-large is-resized\"><img loading=\"lazy\" decoding=\"async\" width=\"720\" height=\"1080\" src=\"https:\/\/nathan.natpat.cc\/wp-content\/uploads\/2024\/11\/untitled-edited.png\" alt=\"\" class=\"wp-image-50\" style=\"width:258px;height:auto\" srcset=\"https:\/\/nathan.natpat.cc\/wp-content\/uploads\/2024\/11\/untitled-edited.png 720w, https:\/\/nathan.natpat.cc\/wp-content\/uploads\/2024\/11\/untitled-edited-200x300.png 200w, https:\/\/nathan.natpat.cc\/wp-content\/uploads\/2024\/11\/untitled-edited-683x1024.png 683w\" sizes=\"auto, (max-width: 720px) 100vw, 720px\" \/><\/figure><\/div>\n\n\n<p>The name&#8217;s Buck. <img decoding=\"async\" src=\"https:\/\/nathan.natpat.cc\/wp-content\/uploads\/2025\/05\/BearBrotherhood-1024x614.png\" class=\"flag-mini rounded-flag\"><\/img><\/p>\n\n\n\n<ul class=\"wp-block-list\">\n<li>Tu\u1ed5i con chu\u1ed9t<\/li>\n\n\n\n<li>Nam<\/li>\n\n\n\n<li>American citizen residing in the U.S. \ud83c\uddfa\ud83c\uddf8<\/li>\n\n\n\n<li>Ethnically Vietnamese born in Vietnam \ud83c\uddfb\ud83c\uddf3<\/img><\/li>\n\n\n\n<li>Ch\u1ee7 c\u1ee7a c\u00e1i t\u00ean mi\u1ec1n: <strong><a href=\"https:\/\/natpat.cc\/\" data-type=\"link\" data-id=\"https:\/\/natpat.cc\/\">natpat.cc<\/a><\/strong><\/li>\n<\/ul>\n\n\n\n<pre class=\"wp-block-preformatted\">I moved to the United States when I was 3 years old and have built my life here since then. <img decoding=\"async\" src=\"https:\/\/nathan.natpat.cc\/wp-content\/uploads\/2025\/05\/RepublicVietnam-scaled.png\" class=\"flag-mini rounded-flag\"><\/img><\/pre>\n\n\n\n<p>T\u00ednh c\u00e1ch c\u1ee7a m\u00ecnh (N\u1ebfu b\u1ea1n r\u00e0nh v\u1ec1)<\/p>\n\n\n\n<ul class=\"wp-block-list\">\n<li><strong>ISTP<\/strong> 584<\/li>\n<\/ul>\n\n\n\n<p>M\u00ecnh th\u00edch Roblox cho c\u1ea3 \u0111\u1eddi m\u00ecnh.<\/p>\n\n\n\n<p>G\u1ee7i m\u00ecnh email: <a href=\"mailto:nathan@natpat.cc\"><strong>nathan@natpat.cc<\/strong><\/a><\/p>","protected":false},"excerpt":{"rendered":"<p>Portfolio Welcome&#8230; is it comfortable here? The name&#8217;s Buck. I moved to the United States when I was 3 years old and have built my life here since then. Typology for the nerds You&#8217;ll never see me not on Roblox. Email me: nathan@natpat.cc<\/p>","protected":false},"author":1,"featured_media":0,"parent":0,"menu_order":0,"comment_status":"closed","ping_status":"closed","template":"","meta":{"footnotes":""},"class_list":["post-31","page","type-page","status-publish","hentry"],"_links":{"self":[{"href":"https:\/\/nathan.natpat.cc\/vi\/wp-json\/wp\/v2\/pages\/31","targetHints":{"allow":["GET"]}}],"collection":[{"href":"https:\/\/nathan.natpat.cc\/vi\/wp-json\/wp\/v2\/pages"}],"about":[{"href":"https:\/\/nathan.natpat.cc\/vi\/wp-json\/wp\/v2\/types\/page"}],"author":[{"embeddable":true,"href":"https:\/\/nathan.natpat.cc\/vi\/wp-json\/wp\/v2\/users\/1"}],"replies":[{"embeddable":true,"href":"https:\/\/nathan.natpat.cc\/vi\/wp-json\/wp\/v2\/comments?post=31"}],"version-history":[{"count":30,"href":"https:\/\/nathan.natpat.cc\/vi\/wp-json\/wp\/v2\/pages\/31\/revisions"}],"predecessor-version":[{"id":374,"href":"https:\/\/nathan.natpat.cc\/vi\/wp-json\/wp\/v2\/pages\/31\/revisions\/374"}],"wp:attachment":[{"href":"https:\/\/nathan.natpat.cc\/vi\/wp-json\/wp\/v2\/media?parent=31"}],"curies":[{"name":"wp","href":"https:\/\/api.w.org\/{rel}","templated":true}]}}