{"id":37,"date":"2024-11-19T20:23:52","date_gmt":"2024-11-19T20:23:52","guid":{"rendered":"https:\/\/nathan.natpat.cc\/?page_id=37"},"modified":"2025-05-02T13:27:27","modified_gmt":"2025-05-02T13:27:27","slug":"interests","status":"publish","type":"page","link":"https:\/\/nathan.natpat.cc\/vi\/interests\/","title":{"rendered":"S\u1edf Th\u00edch"},"content":{"rendered":"<h2 class=\"wp-block-heading\">Nh\u1ea1c<\/h2>\n\n\n\n<p>Nh\u1eefng c\u00e1i nh\u1ea1c,<\/p>\n\n\n\n<ol class=\"wp-block-list\">\n<li><strong>Leave<\/strong> c\u1ee7a Whirr<\/li>\n\n\n\n<li><strong>Amanhecer<\/strong> c\u1ee7a Terraplana<\/li>\n\n\n\n<li><strong>Glow<\/strong> c\u1ee7a Slow Crush<\/li>\n\n\n\n<li><strong>Void In Blue<\/strong> c\u1ee7a Glare<\/li>\n\n\n\n<li><strong>Beached <\/strong>c\u1ee7a Slow Crush<\/li>\n\n\n\n<li><strong>Do Not Enter<\/strong> c\u1ee7a Glare<\/li>\n<\/ol>\n\n\n\n<details class=\"wp-block-details is-layout-flow wp-block-details-is-layout-flow\"><summary>Embeds<\/summary>\n<iframe style=\"border-radius:12px\" src=\"https:\/\/open.spotify.com\/embed\/track\/6yjtcpFf9dLgflkS52PYNa?utm_source=generator\" width=\"100%\" height=\"100\" frameborder=\"0\" allowfullscreen=\"\" allow=\"autoplay; clipboard-write; encrypted-media; fullscreen; picture-in-picture\" loading=\"lazy\"><\/iframe>\n<iframe style=\"border-radius:12px\" src=\"https:\/\/open.spotify.com\/embed\/track\/0iAnnsZpP7G6vFY3Psuw2K?utm_source=generator\" width=\"100%\" height=\"100\" frameborder=\"0\" allowfullscreen=\"\" allow=\"autoplay; clipboard-write; encrypted-media; fullscreen; picture-in-picture\" loading=\"lazy\"><\/iframe>\n<iframe style=\"border-radius:12px\" src=\"https:\/\/open.spotify.com\/embed\/track\/6Y185DCfJ2mCI7aU65WdJl?utm_source=generator\" width=\"100%\" height=\"100\" frameborder=\"0\" allowfullscreen=\"\" allow=\"autoplay; clipboard-write; encrypted-media; fullscreen; picture-in-picture\" loading=\"lazy\"><\/iframe>\n<iframe style=\"border-radius:12px\" src=\"https:\/\/open.spotify.com\/embed\/track\/0eZjwNa0wGZSzsOnt4T2hG?utm_source=generator\" width=\"100%\" height=\"100\" frameborder=\"0\" allowfullscreen=\"\" allow=\"autoplay; clipboard-write; encrypted-media; fullscreen; picture-in-picture\" loading=\"lazy\"><\/iframe>\n<iframe style=\"border-radius:12px\" src=\"https:\/\/open.spotify.com\/embed\/track\/0lY2BbE7f1MFqqYxeKbgik?utm_source=generator\" width=\"100%\" height=\"100\" frameborder=\"0\" allowfullscreen=\"\" allow=\"autoplay; clipboard-write; encrypted-media; fullscreen; picture-in-picture\" loading=\"lazy\"><\/iframe>\n<iframe style=\"border-radius:12px\" src=\"https:\/\/open.spotify.com\/embed\/track\/3Lkkb6JlusrtnZFNnRvfOm?utm_source=generator\" width=\"100%\" height=\"100\" frameborder=\"0\" allowfullscreen=\"\" allow=\"autoplay; clipboard-write; encrypted-media; fullscreen; picture-in-picture\" loading=\"lazy\"><\/iframe>\n<\/details>\n\n\n\n<p>Nh\u1eefng c\u00e1i album,<\/p>\n\n\n\n<ol class=\"wp-block-list\">\n<li><strong>Distressor<\/strong> c\u1ee7a Whirr (C\u00f3 mua tr\u00ean online)<\/li>\n\n\n\n<li><strong>Natural<\/strong> c\u1ee7a Terraplana (C\u00f3 mua tr\u00ean online)<\/li>\n\n\n\n<li><strong>Aurora <\/strong>c\u1ee7a Slow Crush (C\u00f3 trong \u0111\u0129a)<\/li>\n\n\n\n<li><strong>Void in Blue<\/strong> c\u1ee7a Glare (C\u00f3 mua tr\u00ean online)<\/li>\n\n\n\n<li><strong>Sway<\/strong> c\u1ee7a Whirr (C\u00f3 trong \u0111\u0129a)<\/li>\n<\/ol>\n\n\n\n<details class=\"wp-block-details is-layout-flow wp-block-details-is-layout-flow\"><summary>Embeds<\/summary>\n<iframe style=\"border: 0; width: 100%; height: 120px;\" src=\"https:\/\/bandcamp.com\/EmbeddedPlayer\/album=203709833\/size=large\/bgcol=ffffff\/linkcol=0687f5\/tracklist=false\/artwork=small\/transparent=true\/\" seamless><a href=\"https:\/\/graveface.bandcamp.com\/album\/distressor\">Distressor by Whirr<\/a><\/iframe>\n\n\n\n<iframe style=\"border: 0; width: 100%; height: 120px;\" src=\"https:\/\/bandcamp.com\/EmbeddedPlayer\/album=4033843243\/size=large\/bgcol=ffffff\/linkcol=0687f5\/tracklist=false\/artwork=small\/transparent=true\/\" seamless><a href=\"https:\/\/terraplana.bandcamp.com\/album\/natural\">natural by terraplana<\/a><\/iframe>\n\n\n\n<iframe style=\"border: 0; width: 100%; height: 120px;\" src=\"https:\/\/bandcamp.com\/EmbeddedPlayer\/album=2538887567\/size=large\/bgcol=ffffff\/linkcol=0687f5\/tracklist=false\/artwork=small\/transparent=true\/\" seamless><a href=\"https:\/\/slowcrush.bandcamp.com\/album\/aurora\">Aurora by SLOW CRUSH<\/a><\/iframe>\n\n\n\n<iframe style=\"border: 0; width: 100%; height: 120px;\" src=\"https:\/\/bandcamp.com\/EmbeddedPlayer\/album=1668973323\/size=large\/bgcol=ffffff\/linkcol=0687f5\/tracklist=false\/artwork=small\/transparent=true\/\" seamless><a href=\"https:\/\/glaretx.bandcamp.com\/album\/void-in-blue-2\">Void In Blue by Glare<\/a><\/iframe>\n\n\n\n<iframe style=\"border: 0; width: 100%; height: 120px;\" src=\"https:\/\/bandcamp.com\/EmbeddedPlayer\/album=1514547606\/size=large\/bgcol=ffffff\/linkcol=0687f5\/tracklist=false\/artwork=small\/transparent=true\/\" seamless><a href=\"https:\/\/graveface.bandcamp.com\/album\/whirr-sway\">Whirr &#39;Sway&#39; by Whirr<\/a><\/iframe>\n<\/details>\n\n\n\n<h2 class=\"wp-block-heading\">\u0110\u1ed3 m\u00ecnh r\u00e0nh v\u1ec1<\/h2>\n\n\n\n<ul class=\"wp-block-list\">\n<li>Video Editing (T\u1eeb l\u00e2u r\u1ed3i)<\/li>\n\n\n\n<li>Programming\n<ul class=\"wp-block-list\">\n<li>Lua<\/li>\n\n\n\n<li>Javascript<\/li>\n\n\n\n<li>CSS<\/li>\n<\/ul>\n<\/li>\n\n\n\n<li>Music Production\n<ul class=\"wp-block-list\">\n<li>Shoegaze<\/li>\n\n\n\n<li>Ambient DnB or Jungle<\/li>\n<\/ul>\n<\/li>\n\n\n\n<li>Graphics Designing (T\u1eeb l\u00e2u r\u1ed3i)<\/li>\n\n\n\n<li>GFX Designing (T\u1eeb l\u00e2u r\u1ed3i)<\/li>\n\n\n\n<li>Animating<\/li>\n<\/ul>\n\n\n\n<h2 class=\"wp-block-heading\">Ng\u00f4n ng\u1eed<\/h2>\n\n\n\n<ul class=\"wp-block-list\">\n<li>Ti\u1ec1ng B\u1ed3 \u0110\u00e0o Nha<\/li>\n<\/ul>\n\n\n\n<p><\/p>","protected":false},"excerpt":{"rendered":"<p>Music Specific tracks, Specific albums, Hobbies Languages<\/p>","protected":false},"author":1,"featured_media":0,"parent":0,"menu_order":0,"comment_status":"closed","ping_status":"closed","template":"","meta":{"footnotes":""},"class_list":["post-37","page","type-page","status-publish","hentry"],"_links":{"self":[{"href":"https:\/\/nathan.natpat.cc\/vi\/wp-json\/wp\/v2\/pages\/37","targetHints":{"allow":["GET"]}}],"collection":[{"href":"https:\/\/nathan.natpat.cc\/vi\/wp-json\/wp\/v2\/pages"}],"about":[{"href":"https:\/\/nathan.natpat.cc\/vi\/wp-json\/wp\/v2\/types\/page"}],"author":[{"embeddable":true,"href":"https:\/\/nathan.natpat.cc\/vi\/wp-json\/wp\/v2\/users\/1"}],"replies":[{"embeddable":true,"href":"https:\/\/nathan.natpat.cc\/vi\/wp-json\/wp\/v2\/comments?post=37"}],"version-history":[{"count":4,"href":"https:\/\/nathan.natpat.cc\/vi\/wp-json\/wp\/v2\/pages\/37\/revisions"}],"predecessor-version":[{"id":296,"href":"https:\/\/nathan.natpat.cc\/vi\/wp-json\/wp\/v2\/pages\/37\/revisions\/296"}],"wp:attachment":[{"href":"https:\/\/nathan.natpat.cc\/vi\/wp-json\/wp\/v2\/media?parent=37"}],"curies":[{"name":"wp","href":"https:\/\/api.w.org\/{rel}","templated":true}]}}